{"id":7,"date":"2015-03-04T17:22:24","date_gmt":"2015-03-04T17:22:24","guid":{"rendered":"http:\/\/alberguealfonsoelcasto.com\/?page_id=7"},"modified":"2026-01-26T19:02:49","modified_gmt":"2026-01-26T19:02:49","slug":"servicios","status":"publish","type":"page","link":"https:\/\/alberguealfonsoelcasto.com\/fr\/servicios\/","title":{"rendered":"services"},"content":{"rendered":"<p><\/p>\n<p style=\"text-align: center;\"><strong><u>Programme d\u00b4heures\u00a0:<br \/><\/u><\/strong>Heures d&rsquo;ouverture: de 12,30 \u00e0 23,00<br \/>Heures pour le Petit-d\u00e9jeuner: 7,00 \u00e0 9.00<br \/>Cafe-bar: de 13,00 \u00e1 22,00<br \/>*Ferm\u00e9 de 9,00 &#8211; 12,30 pour le fins de nettoyage<\/p>\n<p style=\"text-align: center;\"><span style=\"text-decoration: underline;\"><strong>Chambers:<br \/><\/strong><\/span>Chambre pour petit groupe: 4 lits. 4 places<br \/>Chambre pour de grands groupes: 6 couchettes. 12 personnes<br \/>Chambres communautaires: 9 couchettes. 18 places.<\/p>\n<p style=\"text-align: center;\">Chambres doubles disponible.\u00a0<br \/>* Tous les Chambres sont avec contact direct avec les vues de l&rsquo;ext\u00e9rieur<\/p>\n<p style=\"text-align: center;\"><strong><u>Tarif Forfait<\/u><\/strong>:<br \/>Avec de lit couverture, draps de lit jetables, guichet, appareil de brancher, lampe individuel e plan de rue.<\/p>\n<p style=\"text-align: center;\"><strong><u>Tarif suppl\u00e8mentaire<\/u><\/strong><u>\u00a0:<br \/><\/u>\u00a0linge de lit 100% coton \/ Transport de sacs \u00e0 dos<\/p>\n<p style=\"text-align: center;\"><strong><u>D\u00e9jeuner:<br \/><\/u><\/strong><strong><u>Petit-d\u00e9jeuner<\/u><\/strong><\/p>\n<p style=\"text-align: center;\"><strong><u>Services suppl\u00e9mentaires:<\/u><\/strong><br \/>Terrasse couverte ext\u00e9rieure.<br \/>Bar connect\u00e9 avec terrasse.<br \/>Micro-ondes et ustensiles.<br \/>Grand jardin ext\u00e9rieur.<br \/>Des casiers individuels.<br \/>Acc\u00e8s et salle de bain pour personnes \u00e0 mobilit\u00e9 r\u00e9duite.<br \/>WC ind\u00e9pendants femmes \/ hommes.<br \/>Salle de t\u00e9l\u00e9vision.<br \/>Blanchisserie, suspendre le linge, communautaires .<br \/>Parking \u00e0 v\u00e9los (de bicigrino). S\u00e9curit\u00e9 sur le site.<br \/>Wifi.<br \/>Paiement par carte.<br \/>Possibilit\u00e9 de camping \u00e0 la propiet\u00e9 \u00e0 l&rsquo;ext\u00e9rieur.<br \/>Machine \u00e0 laver &#8211; 45 min\u00a0<br \/>S\u00e8che-linge &#8211; 90 min\u00a0<\/p>\n<p><\/p>\n\n\n<p><\/p>","protected":false},"excerpt":{"rendered":"<p>Programme d\u00b4heures\u00a0:Heures d&rsquo;ouverture: de 12,30 \u00e0 23,00Heures pour le Petit-d\u00e9jeuner: 7,00 \u00e0 9.00Cafe-bar: de 13,00 \u00e1 22,00*Ferm\u00e9 de 9,00 &#8211; 12,30 pour le fins de nettoyage Chambers:Chambre pour petit groupe: 4 lits. 4 placesChambre pour de grands groupes: 6 couchettes. 12 personnesChambres communautaires: 9 couchettes. 18 places. Chambres doubles disponible.\u00a0* Tous les Chambres sont avec&hellip;<\/p>\n","protected":false},"author":1,"featured_media":288,"parent":0,"menu_order":0,"comment_status":"closed","ping_status":"closed","template":"","meta":{"spay_email":""},"yoast_head":"<!-- This site is optimized with the Yoast SEO plugin v20.2.1 - https:\/\/yoast.com\/wordpress\/plugins\/seo\/ -->\n<title>Servicios del Alfoso II el Casto - albergue en Melide<\/title>\n<meta name=\"description\" content=\"Conoce las instalaciones de Alfonso II el Casto, nuevo albergue en Melide\" \/>\n<meta name=\"robots\" content=\"index, follow, max-snippet:-1, max-image-preview:large, max-video-preview:-1\" \/>\n<link rel=\"canonical\" href=\"http:\/\/alberguealfonsoelcasto.com\/servicios\/\" \/>\n<meta property=\"og:locale\" content=\"fr_FR\" \/>\n<meta property=\"og:type\" content=\"article\" \/>\n<meta property=\"og:title\" content=\"Servicios del Alfoso II el Casto - albergue en Melide\" \/>\n<meta property=\"og:description\" content=\"Conoce las instalaciones de Alfonso II el Casto, nuevo albergue en Melide\" \/>\n<meta property=\"og:url\" content=\"http:\/\/alberguealfonsoelcasto.com\/servicios\/\" \/>\n<meta property=\"og:site_name\" content=\"albergue alfonso II\" \/>\n<meta property=\"article:modified_time\" content=\"2026-01-26T19:02:49+00:00\" \/>\n<meta property=\"og:image\" content=\"http:\/\/alberguealfonsoelcasto.com\/wp-content\/uploads\/2015\/07\/007.jpg\" \/>\n\t<meta property=\"og:image:width\" content=\"1920\" \/>\n\t<meta property=\"og:image:height\" content=\"1080\" \/>\n\t<meta property=\"og:image:type\" content=\"image\/jpeg\" \/>\n<meta name=\"twitter:card\" content=\"summary_large_image\" \/>\n<meta name=\"twitter:label1\" content=\"Dur\u00e9e de lecture estim\u00e9e\" \/>\n\t<meta name=\"twitter:data1\" content=\"3 minutes\" \/>\n<script type=\"application\/ld+json\" class=\"yoast-schema-graph\">{\"@context\":\"https:\/\/schema.org\",\"@graph\":[{\"@type\":\"WebPage\",\"@id\":\"http:\/\/alberguealfonsoelcasto.com\/servicios\/\",\"url\":\"http:\/\/alberguealfonsoelcasto.com\/servicios\/\",\"name\":\"Servicios del Alfoso II el Casto - albergue en Melide\",\"isPartOf\":{\"@id\":\"https:\/\/alberguealfonsoelcasto.com\/#website\"},\"datePublished\":\"2015-03-04T17:22:24+00:00\",\"dateModified\":\"2026-01-26T19:02:49+00:00\",\"description\":\"Conoce las instalaciones de Alfonso II el Casto, nuevo albergue en Melide\",\"breadcrumb\":{\"@id\":\"http:\/\/alberguealfonsoelcasto.com\/servicios\/#breadcrumb\"},\"inLanguage\":\"fr-FR\",\"potentialAction\":[{\"@type\":\"ReadAction\",\"target\":[\"http:\/\/alberguealfonsoelcasto.com\/servicios\/\"]}]},{\"@type\":\"BreadcrumbList\",\"@id\":\"http:\/\/alberguealfonsoelcasto.com\/servicios\/#breadcrumb\",\"itemListElement\":[{\"@type\":\"ListItem\",\"position\":1,\"name\":\"Portada\",\"item\":\"https:\/\/alberguealfonsoelcasto.com\/\"},{\"@type\":\"ListItem\",\"position\":2,\"name\":\"servicios\"}]},{\"@type\":\"WebSite\",\"@id\":\"https:\/\/alberguealfonsoelcasto.com\/#website\",\"url\":\"https:\/\/alberguealfonsoelcasto.com\/\",\"name\":\"albergue alfonso II\",\"description\":\"Cami\u00f1o Primitivo\",\"potentialAction\":[{\"@type\":\"SearchAction\",\"target\":{\"@type\":\"EntryPoint\",\"urlTemplate\":\"https:\/\/alberguealfonsoelcasto.com\/?s={search_term_string}\"},\"query-input\":\"required name=search_term_string\"}],\"inLanguage\":\"fr-FR\"}]}<\/script>\n<!-- \/ Yoast SEO plugin. -->","yoast_head_json":{"title":"Servicios del Alfoso II el Casto - albergue en Melide","description":"Conoce las instalaciones de Alfonso II el Casto, nuevo albergue en Melide","robots":{"index":"index","follow":"follow","max-snippet":"max-snippet:-1","max-image-preview":"max-image-preview:large","max-video-preview":"max-video-preview:-1"},"canonical":"http:\/\/alberguealfonsoelcasto.com\/servicios\/","og_locale":"fr_FR","og_type":"article","og_title":"Servicios del Alfoso II el Casto - albergue en Melide","og_description":"Conoce las instalaciones de Alfonso II el Casto, nuevo albergue en Melide","og_url":"http:\/\/alberguealfonsoelcasto.com\/servicios\/","og_site_name":"albergue alfonso II","article_modified_time":"2026-01-26T19:02:49+00:00","og_image":[{"width":1920,"height":1080,"url":"http:\/\/alberguealfonsoelcasto.com\/wp-content\/uploads\/2015\/07\/007.jpg","type":"image\/jpeg"}],"twitter_card":"summary_large_image","twitter_misc":{"Dur\u00e9e de lecture estim\u00e9e":"3 minutes"},"schema":{"@context":"https:\/\/schema.org","@graph":[{"@type":"WebPage","@id":"http:\/\/alberguealfonsoelcasto.com\/servicios\/","url":"http:\/\/alberguealfonsoelcasto.com\/servicios\/","name":"Servicios del Alfoso II el Casto - albergue en Melide","isPartOf":{"@id":"https:\/\/alberguealfonsoelcasto.com\/#website"},"datePublished":"2015-03-04T17:22:24+00:00","dateModified":"2026-01-26T19:02:49+00:00","description":"Conoce las instalaciones de Alfonso II el Casto, nuevo albergue en Melide","breadcrumb":{"@id":"http:\/\/alberguealfonsoelcasto.com\/servicios\/#breadcrumb"},"inLanguage":"fr-FR","potentialAction":[{"@type":"ReadAction","target":["http:\/\/alberguealfonsoelcasto.com\/servicios\/"]}]},{"@type":"BreadcrumbList","@id":"http:\/\/alberguealfonsoelcasto.com\/servicios\/#breadcrumb","itemListElement":[{"@type":"ListItem","position":1,"name":"Portada","item":"https:\/\/alberguealfonsoelcasto.com\/"},{"@type":"ListItem","position":2,"name":"servicios"}]},{"@type":"WebSite","@id":"https:\/\/alberguealfonsoelcasto.com\/#website","url":"https:\/\/alberguealfonsoelcasto.com\/","name":"albergue alfonso II","description":"Cami\u00f1o Primitivo","potentialAction":[{"@type":"SearchAction","target":{"@type":"EntryPoint","urlTemplate":"https:\/\/alberguealfonsoelcasto.com\/?s={search_term_string}"},"query-input":"required name=search_term_string"}],"inLanguage":"fr-FR"}]}},"_links":{"self":[{"href":"https:\/\/alberguealfonsoelcasto.com\/fr\/wp-json\/wp\/v2\/pages\/7"}],"collection":[{"href":"https:\/\/alberguealfonsoelcasto.com\/fr\/wp-json\/wp\/v2\/pages"}],"about":[{"href":"https:\/\/alberguealfonsoelcasto.com\/fr\/wp-json\/wp\/v2\/types\/page"}],"author":[{"embeddable":true,"href":"https:\/\/alberguealfonsoelcasto.com\/fr\/wp-json\/wp\/v2\/users\/1"}],"replies":[{"embeddable":true,"href":"https:\/\/alberguealfonsoelcasto.com\/fr\/wp-json\/wp\/v2\/comments?post=7"}],"version-history":[{"count":74,"href":"https:\/\/alberguealfonsoelcasto.com\/fr\/wp-json\/wp\/v2\/pages\/7\/revisions"}],"predecessor-version":[{"id":537,"href":"https:\/\/alberguealfonsoelcasto.com\/fr\/wp-json\/wp\/v2\/pages\/7\/revisions\/537"}],"wp:featuredmedia":[{"embeddable":true,"href":"https:\/\/alberguealfonsoelcasto.com\/fr\/wp-json\/wp\/v2\/media\/288"}],"wp:attachment":[{"href":"https:\/\/alberguealfonsoelcasto.com\/fr\/wp-json\/wp\/v2\/media?parent=7"}],"curies":[{"name":"wp","href":"https:\/\/api.w.org\/{rel}","templated":true}]}}