{"id":5,"date":"2015-03-04T17:21:21","date_gmt":"2015-03-04T17:21:21","guid":{"rendered":"http:\/\/alberguealfonsoelcasto.com\/?page_id=5"},"modified":"2026-02-07T10:53:34","modified_gmt":"2026-02-07T10:53:34","slug":"albergue","status":"publish","type":"page","link":"https:\/\/alberguealfonsoelcasto.com\/fr\/","title":{"rendered":"bienvenue"},"content":{"rendered":"<p><a href=\"http:\/\/alberguealfonsoelcasto.com\/en\/galeria\/\">\t\r\n\t\t\r\n\t<div id=\"meteor-slideshowportada\" class=\"meteor-slides portada navboth { next: '#meteor-nextportada', prev: '#meteor-prevportada', pager: '#meteor-buttonsportada' }\">\r\n\t\r\n\t\t\t\r\n\t\t\t\r\n\t\t\t<ul class=\"meteor-nav\">\r\n\t\t\r\n\t\t\t\t<li id=\"meteor-prevportada\" class=\"prev\"><a href=\"#prev\">Previous<\/a><\/li>\r\n\t\t\t\r\n\t\t\t\t<li id=\"meteor-nextportada\" class=\"next\"><a href=\"#next\">Next<\/a><\/li>\r\n\t\t\t\r\n\t\t\t<\/ul><!-- .meteor-nav -->\r\n\t\t\r\n\t\t\t<div id=\"meteor-buttonsportada\" class=\"meteor-buttons\"><\/div>\r\n\t\t\r\n\t\t\t\t\r\n\t\t\t\r\n\t\t<div class=\"meteor-clip\">\r\n\t\r\n\t\t\t\t\r\n\t\t\t<img style=\"visibility: hidden;\" class=\"meteor-shim\" src=\"https:\/\/alberguealfonsoelcasto.com\/wp-content\/uploads\/2015\/07\/012.jpg\" alt=\"\" \/>\r\n\t\t\t<div class=\"mslide mslide-1\">\r\n\t\t\t\t\r\n\t\t\t\t\t\t\t\t\t\r\n\t\t\t\t\t<img width=\"1920\" height=\"1080\" src=\"https:\/\/alberguealfonsoelcasto.com\/wp-content\/uploads\/2015\/07\/012.jpg\" class=\"attachment-featured-slide size-featured-slide wp-post-image\" alt=\"\" decoding=\"async\" loading=\"lazy\" title=\"\" srcset=\"https:\/\/alberguealfonsoelcasto.com\/wp-content\/uploads\/2015\/07\/012.jpg 1920w, https:\/\/alberguealfonsoelcasto.com\/wp-content\/uploads\/2015\/07\/012-300x169.jpg 300w, https:\/\/alberguealfonsoelcasto.com\/wp-content\/uploads\/2015\/07\/012-250x141.jpg 250w\" sizes=\"(max-width: 1920px) 100vw, 1920px\" \/>\t\t\t\t\t\r\n\t\t\t\t\t\t\t\r\n\t\t\t<\/div><!-- .mslide -->\r\n\t\t\t\r\n\t\t\t\t\t\t\r\n\t\t\t\t\r\n\t\t\t\r\n\t\t\t<div class=\"mslide mslide-2\">\r\n\t\t\t\t\r\n\t\t\t\t\t\t\t\t\t\r\n\t\t\t\t\t<img width=\"1920\" height=\"1080\" src=\"https:\/\/alberguealfonsoelcasto.com\/wp-content\/uploads\/2015\/07\/021.jpg\" class=\"attachment-featured-slide size-featured-slide wp-post-image\" alt=\"\" decoding=\"async\" loading=\"lazy\" title=\"\" srcset=\"https:\/\/alberguealfonsoelcasto.com\/wp-content\/uploads\/2015\/07\/021.jpg 1920w, https:\/\/alberguealfonsoelcasto.com\/wp-content\/uploads\/2015\/07\/021-300x169.jpg 300w, https:\/\/alberguealfonsoelcasto.com\/wp-content\/uploads\/2015\/07\/021-250x141.jpg 250w\" sizes=\"(max-width: 1920px) 100vw, 1920px\" \/>\t\t\t\t\t\r\n\t\t\t\t\t\t\t\r\n\t\t\t<\/div><!-- .mslide -->\r\n\t\t\t\r\n\t\t\t\t\t\t\r\n\t\t\t\t\r\n\t\t<\/div><!-- .meteor-clip -->\r\n\t\t\t\t\r\n\t\t\t\t\t\r\n\t<\/div><!-- .meteor-slides -->\r\n\t\r\n\t<\/a><\/p>\n<h1 style=\"text-align: center;\"><strong><span style=\"text-decoration: underline; color: #383332;\">OUVERT*<\/span><\/strong><\/h1>\n<h1 style=\"text-align: center;\"><strong><span style=\"text-decoration: underline; color: #383332;\">*(De P\u00e2ques \u00e0 octobre)<\/span><\/strong><\/h1>\n<p>Bienvenue \u00e0 l&rsquo;auberge Alfonso II, nouvelle auberge \u00e0 Melide. Hommage au roi Alfonso II, roi des Asturies (791-842) C\u00b4\u00e9tait un personnage cl\u00e9 dans l&rsquo;histoire du chemin de Santiago. La L\u00e9gende lui plac\u00e9 dans le chemin, quand il conna\u00eet&nbsp; la d\u00e9couverte du corps de l&rsquo;Ap\u00f4tre.<\/p>\n<p>A la place o\u00fa il a \u00e9t\u00e9 trouv\u00e9 la tombe de l\u00b4ap\u00f4tre, il a \u00e9t\u00e9 instal\u00e9e une petite communaut\u00e9 des Augustiniens qui fut le premier noyau de ce qui allait \u00eatre r\u00e9gl\u00e9 Compostelle. Le m\u00eame Alfonso II a r\u00e9alis\u00e9 l&rsquo;\u00e9v\u00e9nement prodigieux \u00e0 Charlemagne, et les nouvelles, puis se r\u00e9pandit rapidement dans toute l&rsquo;Europe.<\/p>\n<p>Ceci est ce qui est rapport\u00e9 dans le Calixtino Codex \u00e9crit par Aymeric Picaud. La r\u00e9alit\u00e9 correspond la l\u00e9gende dans le fait que Alfonso II ordonna la construction d&rsquo;un temple d\u00e9di\u00e9 \u00e0 l&rsquo;ap\u00f4tre.<\/p>\n<p>L&rsquo;\u00e9mergence de la figure de Santiago a aid\u00e9 les chr\u00e9tiens ils r\u00e9cup\u00e9raient leurs domaines et \u00e0 se convertir \u00e0 Compostelle dans le principal p\u00f4le d&rsquo;attraction spirituelle du Royaume des Asturies-Leon, et bient\u00f4t dans toute l&rsquo;Europe.<\/p>\n<p style=\"text-align: center;\"><em><strong><span style=\"color: #000000;\"><a style=\"color: #000000;\" href=\"http:\/\/alberguealfonsoelcasto.com\/wp-content\/uploads\/2015\/06\/PLANO-situaci\u00f3n1.pdf\">Carte de localisation<\/a><\/span><\/strong><\/em><\/p>\n<p><\/p>","protected":false},"excerpt":{"rendered":"<p>OUVERT* *(De P\u00e2ques \u00e0 octobre) Bienvenue \u00e0 l&rsquo;auberge Alfonso II, nouvelle auberge \u00e0 Melide. Hommage au roi Alfonso II, roi des Asturies (791-842) C\u00b4\u00e9tait un personnage cl\u00e9 dans l&rsquo;histoire du chemin de Santiago. La L\u00e9gende lui plac\u00e9 dans le chemin, quand il conna\u00eet&nbsp; la d\u00e9couverte du corps de l&rsquo;Ap\u00f4tre. A la place o\u00fa il a&hellip;<\/p>\n","protected":false},"author":1,"featured_media":0,"parent":0,"menu_order":0,"comment_status":"closed","ping_status":"closed","template":"","meta":{"spay_email":""},"yoast_head":"<!-- This site is optimized with the Yoast SEO plugin v20.2.1 - https:\/\/yoast.com\/wordpress\/plugins\/seo\/ -->\n<title>Alfonso II el Casto Melide - albergue en Melide<\/title>\n<meta name=\"description\" content=\"Descubre qui\u00e9n fue Alfonso II el Casto, personaje que da nombre a este albergue en Melide\" \/>\n<meta name=\"robots\" content=\"index, follow, max-snippet:-1, max-image-preview:large, max-video-preview:-1\" \/>\n<link rel=\"canonical\" href=\"https:\/\/alberguealfonsoelcasto.com\/\" \/>\n<meta property=\"og:locale\" content=\"fr_FR\" \/>\n<meta property=\"og:type\" content=\"article\" \/>\n<meta property=\"og:title\" content=\"Alfonso II el Casto Melide - albergue en Melide\" \/>\n<meta property=\"og:description\" content=\"Descubre qui\u00e9n fue Alfonso II el Casto, personaje que da nombre a este albergue en Melide\" \/>\n<meta property=\"og:url\" content=\"https:\/\/alberguealfonsoelcasto.com\/\" \/>\n<meta property=\"og:site_name\" content=\"albergue alfonso II\" \/>\n<meta property=\"article:modified_time\" content=\"2026-02-07T10:53:34+00:00\" \/>\n<meta name=\"twitter:card\" content=\"summary_large_image\" \/>\n<meta name=\"twitter:label1\" content=\"Dur\u00e9e de lecture estim\u00e9e\" \/>\n\t<meta name=\"twitter:data1\" content=\"3 minutes\" \/>\n<script type=\"application\/ld+json\" class=\"yoast-schema-graph\">{\"@context\":\"https:\/\/schema.org\",\"@graph\":[{\"@type\":\"WebPage\",\"@id\":\"https:\/\/alberguealfonsoelcasto.com\/\",\"url\":\"https:\/\/alberguealfonsoelcasto.com\/\",\"name\":\"Alfonso II el Casto Melide - albergue en Melide\",\"isPartOf\":{\"@id\":\"https:\/\/alberguealfonsoelcasto.com\/#website\"},\"datePublished\":\"2015-03-04T17:21:21+00:00\",\"dateModified\":\"2026-02-07T10:53:34+00:00\",\"description\":\"Descubre qui\u00e9n fue Alfonso II el Casto, personaje que da nombre a este albergue en Melide\",\"breadcrumb\":{\"@id\":\"https:\/\/alberguealfonsoelcasto.com\/#breadcrumb\"},\"inLanguage\":\"fr-FR\",\"potentialAction\":[{\"@type\":\"ReadAction\",\"target\":[\"https:\/\/alberguealfonsoelcasto.com\/\"]}]},{\"@type\":\"BreadcrumbList\",\"@id\":\"https:\/\/alberguealfonsoelcasto.com\/#breadcrumb\",\"itemListElement\":[{\"@type\":\"ListItem\",\"position\":1,\"name\":\"Portada\",\"item\":\"https:\/\/alberguealfonsoelcasto.com\/\"},{\"@type\":\"ListItem\",\"position\":2,\"name\":\"bienvenido\"}]},{\"@type\":\"WebSite\",\"@id\":\"https:\/\/alberguealfonsoelcasto.com\/#website\",\"url\":\"https:\/\/alberguealfonsoelcasto.com\/\",\"name\":\"albergue alfonso II\",\"description\":\"Cami\u00f1o Primitivo\",\"potentialAction\":[{\"@type\":\"SearchAction\",\"target\":{\"@type\":\"EntryPoint\",\"urlTemplate\":\"https:\/\/alberguealfonsoelcasto.com\/?s={search_term_string}\"},\"query-input\":\"required name=search_term_string\"}],\"inLanguage\":\"fr-FR\"}]}<\/script>\n<!-- \/ Yoast SEO plugin. -->","yoast_head_json":{"title":"Alfonso II el Casto Melide - albergue en Melide","description":"Descubre qui\u00e9n fue Alfonso II el Casto, personaje que da nombre a este albergue en Melide","robots":{"index":"index","follow":"follow","max-snippet":"max-snippet:-1","max-image-preview":"max-image-preview:large","max-video-preview":"max-video-preview:-1"},"canonical":"https:\/\/alberguealfonsoelcasto.com\/","og_locale":"fr_FR","og_type":"article","og_title":"Alfonso II el Casto Melide - albergue en Melide","og_description":"Descubre qui\u00e9n fue Alfonso II el Casto, personaje que da nombre a este albergue en Melide","og_url":"https:\/\/alberguealfonsoelcasto.com\/","og_site_name":"albergue alfonso II","article_modified_time":"2026-02-07T10:53:34+00:00","twitter_card":"summary_large_image","twitter_misc":{"Dur\u00e9e de lecture estim\u00e9e":"3 minutes"},"schema":{"@context":"https:\/\/schema.org","@graph":[{"@type":"WebPage","@id":"https:\/\/alberguealfonsoelcasto.com\/","url":"https:\/\/alberguealfonsoelcasto.com\/","name":"Alfonso II el Casto Melide - albergue en Melide","isPartOf":{"@id":"https:\/\/alberguealfonsoelcasto.com\/#website"},"datePublished":"2015-03-04T17:21:21+00:00","dateModified":"2026-02-07T10:53:34+00:00","description":"Descubre qui\u00e9n fue Alfonso II el Casto, personaje que da nombre a este albergue en Melide","breadcrumb":{"@id":"https:\/\/alberguealfonsoelcasto.com\/#breadcrumb"},"inLanguage":"fr-FR","potentialAction":[{"@type":"ReadAction","target":["https:\/\/alberguealfonsoelcasto.com\/"]}]},{"@type":"BreadcrumbList","@id":"https:\/\/alberguealfonsoelcasto.com\/#breadcrumb","itemListElement":[{"@type":"ListItem","position":1,"name":"Portada","item":"https:\/\/alberguealfonsoelcasto.com\/"},{"@type":"ListItem","position":2,"name":"bienvenido"}]},{"@type":"WebSite","@id":"https:\/\/alberguealfonsoelcasto.com\/#website","url":"https:\/\/alberguealfonsoelcasto.com\/","name":"albergue alfonso II","description":"Cami\u00f1o Primitivo","potentialAction":[{"@type":"SearchAction","target":{"@type":"EntryPoint","urlTemplate":"https:\/\/alberguealfonsoelcasto.com\/?s={search_term_string}"},"query-input":"required name=search_term_string"}],"inLanguage":"fr-FR"}]}},"_links":{"self":[{"href":"https:\/\/alberguealfonsoelcasto.com\/fr\/wp-json\/wp\/v2\/pages\/5"}],"collection":[{"href":"https:\/\/alberguealfonsoelcasto.com\/fr\/wp-json\/wp\/v2\/pages"}],"about":[{"href":"https:\/\/alberguealfonsoelcasto.com\/fr\/wp-json\/wp\/v2\/types\/page"}],"author":[{"embeddable":true,"href":"https:\/\/alberguealfonsoelcasto.com\/fr\/wp-json\/wp\/v2\/users\/1"}],"replies":[{"embeddable":true,"href":"https:\/\/alberguealfonsoelcasto.com\/fr\/wp-json\/wp\/v2\/comments?post=5"}],"version-history":[{"count":28,"href":"https:\/\/alberguealfonsoelcasto.com\/fr\/wp-json\/wp\/v2\/pages\/5\/revisions"}],"predecessor-version":[{"id":544,"href":"https:\/\/alberguealfonsoelcasto.com\/fr\/wp-json\/wp\/v2\/pages\/5\/revisions\/544"}],"wp:attachment":[{"href":"https:\/\/alberguealfonsoelcasto.com\/fr\/wp-json\/wp\/v2\/media?parent=5"}],"curies":[{"name":"wp","href":"https:\/\/api.w.org\/{rel}","templated":true}]}}